{"id":2396,"date":"2023-11-29T12:59:15","date_gmt":"2023-11-29T11:59:15","guid":{"rendered":"https:\/\/suntechnics.ch\/voici-les-voies-qui-soffrent-a-toi-apres-un-apprentissage-solaire\/"},"modified":"2024-07-09T14:14:15","modified_gmt":"2024-07-09T12:14:15","slug":"voici-les-voies-qui-soffrent-a-toi-apres-un-apprentissage-solaire","status":"publish","type":"page","link":"https:\/\/suntechnics.ch\/fr\/voici-les-voies-qui-soffrent-a-toi-apres-un-apprentissage-solaire\/","title":{"rendered":"Voici les voies qui s\u2019offrent \u00e0 toi apr\u00e8s un apprentissage solaire"},"content":{"rendered":"<div class=\"wpb-content-wrapper\"><p>[vc_row el_class=\u00a0\u00bbcustom__post\u00a0\u00bb][vc_column][vc_column_text css=\u00a0\u00bb\u00a0\u00bb]<\/p>\r\n<p><strong>Tu sais d\u00e9j\u00e0 que le secteur de l\u2019\u00e9nergie solaire est un secteur jeune et plein d\u2019avenir. Maintenant, tu te demandes certainement ce qui t\u2019attend apr\u00e8s l\u2019apprentissage. Et quelles sont les possibilit\u00e9s de formation continue qui s\u2019offrent \u00e0 toi \u00e0 l\u2019issue d\u2019un apprentissage dans le solaire. Nous te les pr\u00e9sentons dans cet article.<\/strong><\/p>\r\n<div class=\"wp-block-group blog__infobox\">\r\n<h3>L\u2019essentiel en bref:<\/h3>\r\n<ul>\r\n<li>une fois ton apprentissage dans le solaire termin\u00e9, diff\u00e9rentes carri\u00e8res passionnantes s\u2019offrent \u00e0 toi.<\/li>\r\n<li>Si tu effectues un autre apprentissage dans le domaine de l\u2019enveloppe des \u00e9difices, tu b\u00e9n\u00e9ficies d\u2019une dur\u00e9e d\u2019apprentissage r\u00e9duite.<\/li>\r\n<li>Tu peux t\u2019inscrire \u00e0 la haute \u00e9cole sp\u00e9cialis\u00e9e et \u00e9largir tes connaissances dans diff\u00e9rentes fili\u00e8res.<\/li>\r\n<li>Une formation continue apr\u00e8s la fin de l\u2019apprentissage offre des opportunit\u00e9s d\u2019\u00e9volution.<\/li>\r\n<li>Avec les connaissances que tu as acquises, tu peux aussi choisir de te mettre \u00e0 ton compte.<\/li>\r\n<\/ul>\r\n<\/div>\r\n\r\n<h2 class=\"wp-block-heading\">Qu\u2019est-ce qui change concr\u00e8tement pour moi apr\u00e8s la fin de mon apprentissage? Aurai-je d\u2019autres droits et obligations?<\/h2>\r\n<p>Tes chances de trouver un emploi int\u00e9ressant sur le march\u00e9 du travail sont maintenant bien meilleures.<br \/><\/p>\r\n<div class=\"wp-block-columns\">\r\n<div class=\"wp-block-column is-layout-flow wp-block-column-is-layout-flow\">\r\n<h2 class=\"wp-block-heading\">Dans quelles entreprises\u00a0\/ soci\u00e9t\u00e9s puis-je travailler apr\u00e8s l\u2019apprentissage? Qui seront mes employeurs en premier lieu?<\/h2>\r\n<p>Toutes les entreprises d\u2019installation solaire ont actuellement une forte demande de professionnels form\u00e9s. Les besoins en mati\u00e8re de planification, de montage et de maintenance des installations solaires sont tr\u00e8s importants et le resteront probablement encore longtemps. Tu apprends donc un m\u00e9tier qui offre de bonnes perspectives d\u2019avenir.<\/p>\r\n<p>Tu peux par exemple travailler comme monteur solaire responsable de chantier ou comme responsable de projet dans le domaine des installations solaires. En tant que monteur solaire responsable de chantier, tu es en charge de l\u2019installation et de l\u2019entretien d\u2019installations solaires. Tu planifies l\u2019installation, tu supervises le montage sur place, tu t\u2019assures que tous les composants fonctionnent correctement et tu rem\u00e9dies aux dysfonctionnements. En tant que responsable de projet pour installations solaires, tu es en charge de la planification, de la coordination et de la mise en \u0153uvre de projets solaires. Dans ce cadre, tu supervises l\u2019ensemble du d\u00e9roulement du projet: du choix du site \u00e0 la mise en service, en passant par le financement.<\/p>\r\n\r\n<h2 class=\"wp-block-heading\">Puis-je travailler \u00e0 l\u2019\u00e9tranger avec mon dipl\u00f4me?<\/h2>\r\n<p>Oui, cette possibilit\u00e9 existe bel et bien.<\/p>\r\n\r\n<h2 class=\"wp-block-heading\">\u00c0 quelle vitesse le secteur de l\u2019\u00e9nergie solaire \u00e9volue-t-il? Combien de temps les connaissances que j\u2019ai acquises resteront-elles actuelles? Quand dois-je envisager de suivre une formation continue?<\/h2>\r\n\r\n\r\nLes entreprises d\u2019installation solaire les plus avanc\u00e9es proposent \u00e9galement des formations continues annuelles, afin que les connaissances techniques puissent continuellement \u00eatre mises \u00e0 jour. Dans une telle entreprise, tu restes au c\u0153ur de l\u2019\u00e9volution et tu maintiens en permanence ton savoir-faire \u00e0 jour.\r\n\r\n\r\n<h2 class=\"wp-block-heading\">Voici les possibilit\u00e9s qui s\u2019offrent \u00e0 toi apr\u00e8s ton apprentissage<\/h2>\r\n\r\n<h3 class=\"wp-block-heading\">Effectuer un autre apprentissage dans le domaine de l\u2019enveloppe des \u00e9difices<\/h3>\r\n<p>Dans le domaine de l\u2019enveloppe des b\u00e2timents, six apprentissages professionnels sont propos\u00e9s. L\u2019apprentissage solaire est l\u2019une d\u2019entre elles. Si tu as termin\u00e9 celui-ci, tu as ensuite la possibilit\u00e9 d\u2019effectuer l\u2019un des cinq autres apprentissages sous forme acc\u00e9l\u00e9r\u00e9e. Il s\u2019agit des cursus suivants: \u00e9tancheur\/\u00e9tancheuse CFC, couvreur\/couvreuse CFC, fa\u00e7adier\/fa\u00e7adi\u00e8re CFC, \u00e9chafaudeur\/\u00e9chafaudeuse CFC et storiste CFC. Un apprentissage acc\u00e9l\u00e9r\u00e9 dure g\u00e9n\u00e9ralement deux ans. Le contenu d\u2019un apprentissage acc\u00e9l\u00e9r\u00e9 est condens\u00e9 et transmis dans le cadre d\u2019un programme adapt\u00e9. Les avantages sont \u00e9vidents: tu gagnes un aper\u00e7u et des connaissances dans une profession apparent\u00e9e et tu peux ainsi valoriser ton profil.<\/p>\r\n\r\n<h3 class=\"wp-block-heading\">S\u2019inscrire \u00e0 la haute \u00e9cole sp\u00e9cialis\u00e9e<\/h3>\r\n<p>Si tu as obtenu la maturit\u00e9 professionnelle, il t\u2019est possible de suivre des \u00e9tudes dans une haute \u00e9cole sp\u00e9cialis\u00e9e. Les fili\u00e8res d\u2019\u00e9tudes comprennent le g\u00e9nie \u00e9nerg\u00e9tique et environnemental, le g\u00e9nie du b\u00e2timent, les \u00e9nergies renouvelables et le g\u00e9nie \u00e9lectrique. La dur\u00e9e normale d\u2019un bachelor \u00e0 temps plein est de six semestres. Pr\u00e9vois ici environ 15\u00a0heures de cours par semaine. \u00c0 cela s\u2019ajoutent la pr\u00e9paration et le suivi des cours.<\/p>\r\n<p>Apr\u00e8s le bachelor, tu peux \u00e9galement obtenir un master. Selon la fili\u00e8re choisie, celui-ci dure trois \u00e0 quatre semestres. Ici aussi, il y a environ 15\u00a0heures de cours par semaine \u00e0 temps plein, hors pr\u00e9paration et suivi des cours.<\/p>\r\n\r\n<p class=\"blog__infobox\"><strong>Bon \u00e0 savoir:<\/strong> selon le domaine d\u2019\u00e9tudes, des conditions d\u2019admission suppl\u00e9mentaires, comme un test d\u2019aptitude, doivent \u00eatre remplies. <strong>\u00a0<\/strong><\/p>\r\n<h3 class=\"wp-block-heading\">Suivre une formation continue<\/h3>\r\n<p>Tu souhaites assumer davantage de responsabilit\u00e9s apr\u00e8s avoir termin\u00e9 ton apprentissage? Tu peux t\u2019imaginer occuper un poste de direction \u00e0 l\u2019avenir? C&rsquo;est possible en suivant une formation continue. Ainsi, non seulement tu maintiendras tes connaissances \u00e0 jour, mais tu am\u00e9lioreras en m\u00eame temps tes opportunit\u00e9s de carri\u00e8re. Les formations continues se d\u00e9roulent g\u00e9n\u00e9ralement en cours d\u2019emploi.<\/p>\r\n<\/div>\r\n<\/div>\r\n<p>[\/vc_column_text][\/vc_column][\/vc_row][vc_section css=\u00a0\u00bb.vc_custom_1717591999971{background-image: url(https:\/\/suntechnics.ch\/wp-content\/uploads\/2017\/11\/free-bg.jpg?id=303) !important;background-position: center !important;background-repeat: no-repeat !important;background-size: cover !important;}\u00a0\u00bb][vc_row][vc_column][nur_cta_box button_text=\u00a0\u00bbVOIR LES OFFRES D&rsquo;EMPLOI\u00a0\u00bb button_href=\u00a0\u00bb\/fr\/carriere\/\u00a0\u00bb button_class=\u00a0\u00bbbtn-secondary btn-large\u00a0\u00bb el_class=\u00a0\u00bbtext-white\u00a0\u00bb]<\/p>\r\n<h2>Ta carri\u00e8re chez Suntechnics Fabrisolar<\/h2>\r\n<p>L\u2019avenir appartient aux \u00e9nergies renouvelables. Suntechnics Fabrisolar d\u00e9veloppe et installe des installations solaires pour toute la Suisse. Sois aussi de la partie. Nous nous r\u00e9jouissons de recevoir ta candidature.<\/p>\r\n<p>[\/nur_cta_box][\/vc_column][\/vc_row][\/vc_section][vc_row][vc_column][vc_column_text]<\/p>\r\n<p><!-- \/wp:post-content -->[\/vc_column_text][\/vc_column][\/vc_row]<\/p><\/div>","protected":false},"excerpt":{"rendered":"<p>[vc_row el_class=\u00a0\u00bbcustom__post\u00a0\u00bb][vc_column][vc_column_text css=\u00a0\u00bb\u00a0\u00bb] Tu sais d\u00e9j\u00e0 que le secteur de l\u2019\u00e9nergie solaire est un secteur jeune et plein d\u2019avenir. Maintenant, tu te demandes certainement ce qui t\u2019attend apr\u00e8s l\u2019apprentissage. Et quelles sont les possibilit\u00e9s de formation continue qui s\u2019offrent \u00e0 toi \u00e0 l\u2019issue d\u2019un apprentissage dans le solaire. Nous te les pr\u00e9sentons dans cet article. [&hellip;]<\/p>\n","protected":false},"author":9,"featured_media":2159,"parent":0,"menu_order":0,"comment_status":"closed","ping_status":"closed","template":"","meta":{"footnotes":""},"class_list":["post-2396","page","type-page","status-publish","has-post-thumbnail","hentry"],"yoast_head":"<!-- This site is optimized with the Yoast SEO plugin v27.4 - https:\/\/yoast.com\/product\/yoast-seo-wordpress\/ -->\n<title>Voici les voies qui s\u2019offrent \u00e0 toi apr\u00e8s un apprentissage solaire - Suntechnics<\/title>\n<meta name=\"description\" content=\"Nach einer Solarlehre stehen dir zahlreiche Karrierewege mit Zukunft offen. Welche das sind, erf\u00e4hrst du bei uns.\" \/>\n<meta name=\"robots\" content=\"index, follow, max-snippet:-1, max-image-preview:large, max-video-preview:-1\" \/>\n<link rel=\"canonical\" href=\"https:\/\/suntechnics.ch\/fr\/voici-les-voies-qui-soffrent-a-toi-apres-un-apprentissage-solaire\/\" \/>\n<meta property=\"og:locale\" content=\"fr_FR\" \/>\n<meta property=\"og:type\" content=\"article\" \/>\n<meta property=\"og:title\" content=\"Voici les voies qui s\u2019offrent \u00e0 toi apr\u00e8s un apprentissage solaire - Suntechnics\" \/>\n<meta property=\"og:description\" content=\"Nach einer Solarlehre stehen dir zahlreiche Karrierewege mit Zukunft offen. Welche das sind, erf\u00e4hrst du bei uns.\" \/>\n<meta property=\"og:url\" content=\"https:\/\/suntechnics.ch\/fr\/voici-les-voies-qui-soffrent-a-toi-apres-un-apprentissage-solaire\/\" \/>\n<meta property=\"og:site_name\" content=\"Suntechnics\" \/>\n<meta property=\"article:modified_time\" content=\"2024-07-09T12:14:15+00:00\" \/>\n<meta property=\"og:image\" content=\"https:\/\/suntechnics.ch\/wp-content\/uploads\/2024\/02\/Suntechnics_Anlage-Sempach_LU-12-e1717053400424.jpg\" \/>\n\t<meta property=\"og:image:width\" content=\"1024\" \/>\n\t<meta property=\"og:image:height\" content=\"628\" \/>\n\t<meta property=\"og:image:type\" content=\"image\/jpeg\" \/>\n<meta name=\"twitter:card\" content=\"summary_large_image\" \/>\n<meta name=\"twitter:label1\" content=\"Dur\u00e9e de lecture estim\u00e9e\" \/>\n\t<meta name=\"twitter:data1\" content=\"5 minutes\" \/>\n<script type=\"application\/ld+json\" class=\"yoast-schema-graph\">{\"@context\":\"https:\\\/\\\/schema.org\",\"@graph\":[{\"@type\":\"WebPage\",\"@id\":\"https:\\\/\\\/suntechnics.ch\\\/fr\\\/voici-les-voies-qui-soffrent-a-toi-apres-un-apprentissage-solaire\\\/\",\"url\":\"https:\\\/\\\/suntechnics.ch\\\/fr\\\/voici-les-voies-qui-soffrent-a-toi-apres-un-apprentissage-solaire\\\/\",\"name\":\"Voici les voies qui s\u2019offrent \u00e0 toi apr\u00e8s un apprentissage solaire - Suntechnics\",\"isPartOf\":{\"@id\":\"https:\\\/\\\/suntechnics.ch\\\/#website\"},\"primaryImageOfPage\":{\"@id\":\"https:\\\/\\\/suntechnics.ch\\\/fr\\\/voici-les-voies-qui-soffrent-a-toi-apres-un-apprentissage-solaire\\\/#primaryimage\"},\"image\":{\"@id\":\"https:\\\/\\\/suntechnics.ch\\\/fr\\\/voici-les-voies-qui-soffrent-a-toi-apres-un-apprentissage-solaire\\\/#primaryimage\"},\"thumbnailUrl\":\"https:\\\/\\\/suntechnics.ch\\\/wp-content\\\/uploads\\\/2024\\\/02\\\/Suntechnics_Anlage-Sempach_LU-12-e1717053400424.jpg\",\"datePublished\":\"2023-11-29T11:59:15+00:00\",\"dateModified\":\"2024-07-09T12:14:15+00:00\",\"description\":\"Nach einer Solarlehre stehen dir zahlreiche Karrierewege mit Zukunft offen. Welche das sind, erf\u00e4hrst du bei uns.\",\"breadcrumb\":{\"@id\":\"https:\\\/\\\/suntechnics.ch\\\/fr\\\/voici-les-voies-qui-soffrent-a-toi-apres-un-apprentissage-solaire\\\/#breadcrumb\"},\"inLanguage\":\"fr-FR\",\"potentialAction\":[{\"@type\":\"ReadAction\",\"target\":[\"https:\\\/\\\/suntechnics.ch\\\/fr\\\/voici-les-voies-qui-soffrent-a-toi-apres-un-apprentissage-solaire\\\/\"]}]},{\"@type\":\"ImageObject\",\"inLanguage\":\"fr-FR\",\"@id\":\"https:\\\/\\\/suntechnics.ch\\\/fr\\\/voici-les-voies-qui-soffrent-a-toi-apres-un-apprentissage-solaire\\\/#primaryimage\",\"url\":\"https:\\\/\\\/suntechnics.ch\\\/wp-content\\\/uploads\\\/2024\\\/02\\\/Suntechnics_Anlage-Sempach_LU-12-e1717053400424.jpg\",\"contentUrl\":\"https:\\\/\\\/suntechnics.ch\\\/wp-content\\\/uploads\\\/2024\\\/02\\\/Suntechnics_Anlage-Sempach_LU-12-e1717053400424.jpg\",\"width\":1024,\"height\":628},{\"@type\":\"BreadcrumbList\",\"@id\":\"https:\\\/\\\/suntechnics.ch\\\/fr\\\/voici-les-voies-qui-soffrent-a-toi-apres-un-apprentissage-solaire\\\/#breadcrumb\",\"itemListElement\":[{\"@type\":\"ListItem\",\"position\":1,\"name\":\"Startseite\",\"item\":\"https:\\\/\\\/suntechnics.ch\\\/fr\\\/\"},{\"@type\":\"ListItem\",\"position\":2,\"name\":\"Voici les voies qui s\u2019offrent \u00e0 toi apr\u00e8s un apprentissage solaire\"}]},{\"@type\":\"WebSite\",\"@id\":\"https:\\\/\\\/suntechnics.ch\\\/#website\",\"url\":\"https:\\\/\\\/suntechnics.ch\\\/\",\"name\":\"Suntechnics\",\"description\":\"\",\"publisher\":{\"@id\":\"https:\\\/\\\/suntechnics.ch\\\/#organization\"},\"potentialAction\":[{\"@type\":\"SearchAction\",\"target\":{\"@type\":\"EntryPoint\",\"urlTemplate\":\"https:\\\/\\\/suntechnics.ch\\\/?s={search_term_string}\"},\"query-input\":{\"@type\":\"PropertyValueSpecification\",\"valueRequired\":true,\"valueName\":\"search_term_string\"}}],\"inLanguage\":\"fr-FR\"},{\"@type\":\"Organization\",\"@id\":\"https:\\\/\\\/suntechnics.ch\\\/#organization\",\"name\":\"Suntechnics\",\"url\":\"https:\\\/\\\/suntechnics.ch\\\/\",\"logo\":{\"@type\":\"ImageObject\",\"inLanguage\":\"fr-FR\",\"@id\":\"https:\\\/\\\/suntechnics.ch\\\/#\\\/schema\\\/logo\\\/image\\\/\",\"url\":\"https:\\\/\\\/suntechnics.ch\\\/wp-content\\\/uploads\\\/2024\\\/04\\\/Logo_SunTechnics_schwarz-scaled.jpg\",\"contentUrl\":\"https:\\\/\\\/suntechnics.ch\\\/wp-content\\\/uploads\\\/2024\\\/04\\\/Logo_SunTechnics_schwarz-scaled.jpg\",\"width\":2560,\"height\":515,\"caption\":\"Suntechnics\"},\"image\":{\"@id\":\"https:\\\/\\\/suntechnics.ch\\\/#\\\/schema\\\/logo\\\/image\\\/\"}}]}<\/script>\n<!-- \/ Yoast SEO plugin. -->","yoast_head_json":{"title":"Voici les voies qui s\u2019offrent \u00e0 toi apr\u00e8s un apprentissage solaire - Suntechnics","description":"Nach einer Solarlehre stehen dir zahlreiche Karrierewege mit Zukunft offen. Welche das sind, erf\u00e4hrst du bei uns.","robots":{"index":"index","follow":"follow","max-snippet":"max-snippet:-1","max-image-preview":"max-image-preview:large","max-video-preview":"max-video-preview:-1"},"canonical":"https:\/\/suntechnics.ch\/fr\/voici-les-voies-qui-soffrent-a-toi-apres-un-apprentissage-solaire\/","og_locale":"fr_FR","og_type":"article","og_title":"Voici les voies qui s\u2019offrent \u00e0 toi apr\u00e8s un apprentissage solaire - Suntechnics","og_description":"Nach einer Solarlehre stehen dir zahlreiche Karrierewege mit Zukunft offen. Welche das sind, erf\u00e4hrst du bei uns.","og_url":"https:\/\/suntechnics.ch\/fr\/voici-les-voies-qui-soffrent-a-toi-apres-un-apprentissage-solaire\/","og_site_name":"Suntechnics","article_modified_time":"2024-07-09T12:14:15+00:00","og_image":[{"width":1024,"height":628,"url":"https:\/\/suntechnics.ch\/wp-content\/uploads\/2024\/02\/Suntechnics_Anlage-Sempach_LU-12-e1717053400424.jpg","type":"image\/jpeg"}],"twitter_card":"summary_large_image","twitter_misc":{"Dur\u00e9e de lecture estim\u00e9e":"5 minutes"},"schema":{"@context":"https:\/\/schema.org","@graph":[{"@type":"WebPage","@id":"https:\/\/suntechnics.ch\/fr\/voici-les-voies-qui-soffrent-a-toi-apres-un-apprentissage-solaire\/","url":"https:\/\/suntechnics.ch\/fr\/voici-les-voies-qui-soffrent-a-toi-apres-un-apprentissage-solaire\/","name":"Voici les voies qui s\u2019offrent \u00e0 toi apr\u00e8s un apprentissage solaire - Suntechnics","isPartOf":{"@id":"https:\/\/suntechnics.ch\/#website"},"primaryImageOfPage":{"@id":"https:\/\/suntechnics.ch\/fr\/voici-les-voies-qui-soffrent-a-toi-apres-un-apprentissage-solaire\/#primaryimage"},"image":{"@id":"https:\/\/suntechnics.ch\/fr\/voici-les-voies-qui-soffrent-a-toi-apres-un-apprentissage-solaire\/#primaryimage"},"thumbnailUrl":"https:\/\/suntechnics.ch\/wp-content\/uploads\/2024\/02\/Suntechnics_Anlage-Sempach_LU-12-e1717053400424.jpg","datePublished":"2023-11-29T11:59:15+00:00","dateModified":"2024-07-09T12:14:15+00:00","description":"Nach einer Solarlehre stehen dir zahlreiche Karrierewege mit Zukunft offen. Welche das sind, erf\u00e4hrst du bei uns.","breadcrumb":{"@id":"https:\/\/suntechnics.ch\/fr\/voici-les-voies-qui-soffrent-a-toi-apres-un-apprentissage-solaire\/#breadcrumb"},"inLanguage":"fr-FR","potentialAction":[{"@type":"ReadAction","target":["https:\/\/suntechnics.ch\/fr\/voici-les-voies-qui-soffrent-a-toi-apres-un-apprentissage-solaire\/"]}]},{"@type":"ImageObject","inLanguage":"fr-FR","@id":"https:\/\/suntechnics.ch\/fr\/voici-les-voies-qui-soffrent-a-toi-apres-un-apprentissage-solaire\/#primaryimage","url":"https:\/\/suntechnics.ch\/wp-content\/uploads\/2024\/02\/Suntechnics_Anlage-Sempach_LU-12-e1717053400424.jpg","contentUrl":"https:\/\/suntechnics.ch\/wp-content\/uploads\/2024\/02\/Suntechnics_Anlage-Sempach_LU-12-e1717053400424.jpg","width":1024,"height":628},{"@type":"BreadcrumbList","@id":"https:\/\/suntechnics.ch\/fr\/voici-les-voies-qui-soffrent-a-toi-apres-un-apprentissage-solaire\/#breadcrumb","itemListElement":[{"@type":"ListItem","position":1,"name":"Startseite","item":"https:\/\/suntechnics.ch\/fr\/"},{"@type":"ListItem","position":2,"name":"Voici les voies qui s\u2019offrent \u00e0 toi apr\u00e8s un apprentissage solaire"}]},{"@type":"WebSite","@id":"https:\/\/suntechnics.ch\/#website","url":"https:\/\/suntechnics.ch\/","name":"Suntechnics","description":"","publisher":{"@id":"https:\/\/suntechnics.ch\/#organization"},"potentialAction":[{"@type":"SearchAction","target":{"@type":"EntryPoint","urlTemplate":"https:\/\/suntechnics.ch\/?s={search_term_string}"},"query-input":{"@type":"PropertyValueSpecification","valueRequired":true,"valueName":"search_term_string"}}],"inLanguage":"fr-FR"},{"@type":"Organization","@id":"https:\/\/suntechnics.ch\/#organization","name":"Suntechnics","url":"https:\/\/suntechnics.ch\/","logo":{"@type":"ImageObject","inLanguage":"fr-FR","@id":"https:\/\/suntechnics.ch\/#\/schema\/logo\/image\/","url":"https:\/\/suntechnics.ch\/wp-content\/uploads\/2024\/04\/Logo_SunTechnics_schwarz-scaled.jpg","contentUrl":"https:\/\/suntechnics.ch\/wp-content\/uploads\/2024\/04\/Logo_SunTechnics_schwarz-scaled.jpg","width":2560,"height":515,"caption":"Suntechnics"},"image":{"@id":"https:\/\/suntechnics.ch\/#\/schema\/logo\/image\/"}}]}},"_links":{"self":[{"href":"https:\/\/suntechnics.ch\/fr\/wp-json\/wp\/v2\/pages\/2396","targetHints":{"allow":["GET"]}}],"collection":[{"href":"https:\/\/suntechnics.ch\/fr\/wp-json\/wp\/v2\/pages"}],"about":[{"href":"https:\/\/suntechnics.ch\/fr\/wp-json\/wp\/v2\/types\/page"}],"author":[{"embeddable":true,"href":"https:\/\/suntechnics.ch\/fr\/wp-json\/wp\/v2\/users\/9"}],"replies":[{"embeddable":true,"href":"https:\/\/suntechnics.ch\/fr\/wp-json\/wp\/v2\/comments?post=2396"}],"version-history":[{"count":8,"href":"https:\/\/suntechnics.ch\/fr\/wp-json\/wp\/v2\/pages\/2396\/revisions"}],"predecessor-version":[{"id":2530,"href":"https:\/\/suntechnics.ch\/fr\/wp-json\/wp\/v2\/pages\/2396\/revisions\/2530"}],"wp:featuredmedia":[{"embeddable":true,"href":"https:\/\/suntechnics.ch\/fr\/wp-json\/wp\/v2\/media\/2159"}],"wp:attachment":[{"href":"https:\/\/suntechnics.ch\/fr\/wp-json\/wp\/v2\/media?parent=2396"}],"curies":[{"name":"wp","href":"https:\/\/api.w.org\/{rel}","templated":true}]}}